{"id":33,"date":"2025-02-12T08:59:02","date_gmt":"2025-02-12T08:59:02","guid":{"rendered":"https:\/\/u-till.codepixelz.tech\/?page_id=33"},"modified":"2026-04-20T15:07:53","modified_gmt":"2026-04-20T13:07:53","slug":"partys","status":"publish","type":"page","link":"https:\/\/swing.ch\/it\/partys\/","title":{"rendered":"Parti"},"content":{"rendered":"<div style=\"height:10px\" aria-hidden=\"true\" class=\"wp-block-spacer\"><\/div>\n\n\n\n<div class=\"wp-block-group sp-team-hero-sec is-layout-constrained wp-block-group-is-layout-constrained\">\n<div class=\"wp-block-group is-layout-constrained wp-block-group-is-layout-constrained\"><h1 class=\"sp-horizontal-line-head sp-width-280 wp-block-post-title has-xxl-font-size\">Parti<\/h1><\/div>\n\n\n\n<div style=\"height:20px\" aria-hidden=\"true\" class=\"wp-block-spacer\"><\/div>\n\n\n\n<div style=\"height:30px\" aria-hidden=\"true\" class=\"wp-block-spacer\"><\/div>\n\n\n\n<p style=\"font-size:24px;font-style:normal;font-weight:500\"><strong>Festeggiamo. SwingFLOOR Lindy Hop Social! DJ resident, corso accelerato di Lindy Hop, clima fresco, suono caldo!<\/strong><\/p>\n\n\n\n<p class=\"is-style-default\">Le nostre feste sono leggendarie, perch\u00e9 dal 1997 suoniamo fino a quando gli ultimi ballerini non ne possono pi\u00f9. Un mix evidente di successi swing degli ultimi 100 anni, ma anche nuove entusiasmanti interpretazioni di classici, un pizzico di blues, boogie, rock'n'roll e musica da film. Pi\u00f9 tardi (o prima) si fa, pi\u00f9 ampio \u00e8 il repertorio! Facciamo crescere i nuovi ballerini e mettiamo alla prova anche i pi\u00f9 esperti. Ce n'\u00e8 per tutti i gusti! E se vi prendete una pausa dalla migliore pista da ballo di Zurigo, concedetevi una bibita fresca e degli spuntini al bar con personale!<\/p>\n\n\n\n<p style=\"font-size:24px;font-style:normal;font-weight:500\">\ud83d\udcc5 Dati:<br><br>25 aprile 2026<br>30 maggio 2026 \u2013 <a href=\"https:\/\/worldlindyhopday.wordpress.com\/\" target=\"_blank\" rel=\"noreferrer noopener\">Giornata mondiale del Lindy Hop<\/a><br>27 giugno 2026 - Andare alla festa di Herr\u00e4ng!<\/p>\n\n\n\n<p>Altre date saranno pubblicate prossimamente.<\/p>\n\n\n\n<p style=\"font-size:24px;font-style:normal;font-weight:500\"><a href=\"https:\/\/emojipedia.org\/student\" target=\"_blank\" rel=\"noopener\">\ud83e\uddd1\u200d\ud83c\udf93<\/a> Corso intensivo: 20:00<br>\ud83d\udc83 Festa: ore 21:00<br>\ud83d\udccd Posizione: <a href=\"https:\/\/maps.app.goo.gl\/tPcuZKM2n9h8ggGa8\" target=\"_blank\" rel=\"noopener\">Swing Productions<\/a>, R\u00f6schibachstrasse 22, 8037 Zurigo<br>\ud83c\udfab Biglietti: <a href=\"https:\/\/office.swing.ch\/de?eventTypes=party\">office.swing.ch<\/a> o al botteghino CHF 15.- \/ 10 CHF con Legi<\/p>\n<\/div>\n\n\n\n<div class=\"wp-block-buttons is-layout-flex wp-block-buttons-is-layout-flex\">\n<div class=\"wp-block-button sp-btn\"><a class=\"wp-block-button__link wp-element-button\" href=\"https:\/\/office.swing.ch\/de?eventTypes=party\">Acquista il biglietto<\/a><\/div>\n<\/div>\n\n\n\n<p><\/p>","protected":false},"excerpt":{"rendered":"<p>Wir feiern. SwingFLOOR Lindy Hop Social! Resident-DJs, Lindy Hop Crash Kurs, k\u00fchles Klima, heisser Sound! Unsere Partys sind legend\u00e4r, denn seit 1997 wird aufgelegt bis die allerletzten T\u00e4nzer:innen nicht mehr k\u00f6nnen. Ein eklatanter Mix aus Swing Hits der letzten 100 Jahre, aber auch spannenden Neuinterpretationen von Klassikern, eine Prise Blues, Boogie, Rock&#8217;n&#8217;Roll und Filmmusik geh\u00f6ren [&hellip;]<\/p>\n","protected":false},"author":4,"featured_media":1024,"parent":0,"menu_order":0,"comment_status":"closed","ping_status":"closed","template":"","meta":{"_acf_changed":false,"footnotes":""},"class_list":["post-33","page","type-page","status-publish","has-post-thumbnail","hentry"],"acf":[],"_links":{"self":[{"href":"https:\/\/swing.ch\/it\/wp-json\/wp\/v2\/pages\/33","targetHints":{"allow":["GET"]}}],"collection":[{"href":"https:\/\/swing.ch\/it\/wp-json\/wp\/v2\/pages"}],"about":[{"href":"https:\/\/swing.ch\/it\/wp-json\/wp\/v2\/types\/page"}],"author":[{"embeddable":true,"href":"https:\/\/swing.ch\/it\/wp-json\/wp\/v2\/users\/4"}],"replies":[{"embeddable":true,"href":"https:\/\/swing.ch\/it\/wp-json\/wp\/v2\/comments?post=33"}],"version-history":[{"count":37,"href":"https:\/\/swing.ch\/it\/wp-json\/wp\/v2\/pages\/33\/revisions"}],"predecessor-version":[{"id":1948,"href":"https:\/\/swing.ch\/it\/wp-json\/wp\/v2\/pages\/33\/revisions\/1948"}],"wp:featuredmedia":[{"embeddable":true,"href":"https:\/\/swing.ch\/it\/wp-json\/wp\/v2\/media\/1024"}],"wp:attachment":[{"href":"https:\/\/swing.ch\/it\/wp-json\/wp\/v2\/media?parent=33"}],"curies":[{"name":"wp","href":"https:\/\/api.w.org\/{rel}","templated":true}]}}