{"id":22,"date":"2025-02-12T08:43:25","date_gmt":"2025-02-12T08:43:25","guid":{"rendered":"https:\/\/u-till.codepixelz.tech\/?page_id=22"},"modified":"2025-05-23T11:46:39","modified_gmt":"2025-05-23T09:46:39","slug":"kontakt","status":"publish","type":"page","link":"https:\/\/swing.ch\/it\/kontakt\/","title":{"rendered":"Contattateci"},"content":{"rendered":"\n<div style=\"height:10px\" aria-hidden=\"true\" class=\"wp-block-spacer\"><\/div>\n\n\n\n<div class=\"wp-block-group sp-team-hero-sec is-layout-constrained wp-block-group-is-layout-constrained\">\n<div class=\"wp-block-group is-layout-constrained wp-block-group-is-layout-constrained\"><h1 class=\"sp-horizontal-line-head sp-width-280 wp-block-post-title has-xxl-font-size\">Kontakt<\/h1><\/div>\n\n\n\n<div style=\"height:20px\" aria-hidden=\"true\" class=\"wp-block-spacer\"><\/div>\n\n\n<figure class=\"wp-block-post-featured-image\"><img loading=\"lazy\" decoding=\"async\" width=\"2560\" height=\"1702\" src=\"https:\/\/swing.ch\/wp-content\/uploads\/2025\/05\/contact-image-2.jpg\" class=\"attachment-full size-full wp-post-image\" alt=\"\" style=\"object-fit:cover;\" srcset=\"https:\/\/swing.ch\/wp-content\/uploads\/2025\/05\/contact-image-2.jpg 2560w, https:\/\/swing.ch\/wp-content\/uploads\/2025\/05\/contact-image-2-300x199.jpg 300w, https:\/\/swing.ch\/wp-content\/uploads\/2025\/05\/contact-image-2-1024x681.jpg 1024w, https:\/\/swing.ch\/wp-content\/uploads\/2025\/05\/contact-image-2-768x511.jpg 768w, https:\/\/swing.ch\/wp-content\/uploads\/2025\/05\/contact-image-2-1536x1021.jpg 1536w, https:\/\/swing.ch\/wp-content\/uploads\/2025\/05\/contact-image-2-2048x1362.jpg 2048w, https:\/\/swing.ch\/wp-content\/uploads\/2025\/05\/contact-image-2-18x12.jpg 18w\" sizes=\"auto, (max-width: 2560px) 100vw, 2560px\" \/><\/figure><\/div>\n\n\n\n<div style=\"height:32px\" aria-hidden=\"true\" class=\"wp-block-spacer\"><\/div>\n\n\n\n<div class=\"wp-block-group is-layout-constrained wp-block-group-is-layout-constrained\"><style>.kb-row-layout-id22_6f617d-fe > .kt-row-column-wrap{align-content:start;}:where(.kb-row-layout-id22_6f617d-fe > .kt-row-column-wrap) > .wp-block-kadence-column{justify-content:start;}.kb-row-layout-id22_6f617d-fe > .kt-row-column-wrap{column-gap:var(--global-kb-gap-md, 2rem);row-gap:var(--global-kb-gap-md, 2rem);padding-top:var(--global-kb-spacing-sm, 1.5rem);padding-bottom:var(--global-kb-spacing-sm, 1.5rem);grid-template-columns:repeat(2, minmax(0, 1fr));}.kb-row-layout-id22_6f617d-fe > .kt-row-layout-overlay{opacity:0.30;}@media all and (max-width: 1024px){.kb-row-layout-id22_6f617d-fe > .kt-row-column-wrap{grid-template-columns:repeat(2, minmax(0, 1fr));}}@media all and (max-width: 767px){.kb-row-layout-id22_6f617d-fe > .kt-row-column-wrap{grid-template-columns:minmax(0, 1fr);}}<\/style><div class=\"kb-row-layout-wrap kb-row-layout-id22_6f617d-fe alignnone wp-block-kadence-rowlayout\"><div class=\"kt-row-column-wrap kt-has-2-columns kt-row-layout-equal kt-tab-layout-inherit kt-mobile-layout-row kt-row-valign-top\">\n<style>.kadence-column22_f067e2-59 > .kt-inside-inner-col,.kadence-column22_f067e2-59 > .kt-inside-inner-col:before{border-top-left-radius:0px;border-top-right-radius:0px;border-bottom-right-radius:0px;border-bottom-left-radius:0px;}.kadence-column22_f067e2-59 > .kt-inside-inner-col{column-gap:var(--global-kb-gap-sm, 1rem);}.kadence-column22_f067e2-59 > .kt-inside-inner-col{flex-direction:column;}.kadence-column22_f067e2-59 > .kt-inside-inner-col > .aligncenter{width:100%;}.kadence-column22_f067e2-59 > .kt-inside-inner-col:before{opacity:0.3;}.kadence-column22_f067e2-59{position:relative;}@media all and (max-width: 1024px){.kadence-column22_f067e2-59 > .kt-inside-inner-col{flex-direction:column;justify-content:center;}}@media all and (max-width: 767px){.kadence-column22_f067e2-59 > .kt-inside-inner-col{flex-direction:column;justify-content:center;}}<\/style>\n<div class=\"wp-block-kadence-column kadence-column22_f067e2-59\"><div class=\"kt-inside-inner-col\">\n<p style=\"font-size:24px;font-style:normal;font-weight:500\"><strong>TANZLOKAL<br><\/strong>SwingFLOOR<br>R\u00f6schibachstrasse 22<br>8037 Z\u00fcrich<\/p>\n\n\n<style>.kb-google-maps-container22_78ea9d-d3{height:260px;}<\/style><div class=\"kb-google-maps-container kb-google-maps-container22_78ea9d-d3  wp-block-kadence-googlemaps\" data-mapid=\"22_78ea9dd3\"><iframe width=\"100%\" height=\"100%\"\n\t\t\t\t\t\t\tstyle=\"border:0\" loading=\"lazy\"\n\t\t\t\t\t\t\tsrc=\"https:\/\/www.google.com\/maps\/embed\/v1\/place?key=AIzaSyBAM2o7PiQqwk15LC1XRH2e_KJ-jUa7KYk&#038;zoom=14&#038;maptype=roadmap&#038;q=Swing+productions\"\n\t\t\t\t\t\t\ttitle=\"Google map di Swing productions\"><\/iframe><\/div><script>function kb_google_map22_78ea9dd3() { let center = { lat: 37.8201, lng: -122.4781}; let map = new google.maps.Map(document.getElementById(\"kb-google-map22_78ea9dd3\"), {\n\t\t\t\t\t    zoom: 14,\n\t\t\t\t\t    center: center,});let marker = new google.maps.Marker({   position: { lat: 37.8201, lng: -122.4781},    map: map,  });}<\/script>\n\n\n<div style=\"height:32px\" aria-hidden=\"true\" class=\"wp-block-spacer\"><\/div>\n<\/div><\/div>\n\n\n<style>.kadence-column22_04c490-56 > .kt-inside-inner-col,.kadence-column22_04c490-56 > .kt-inside-inner-col:before{border-top-left-radius:0px;border-top-right-radius:0px;border-bottom-right-radius:0px;border-bottom-left-radius:0px;}.kadence-column22_04c490-56 > .kt-inside-inner-col{column-gap:var(--global-kb-gap-sm, 1rem);}.kadence-column22_04c490-56 > .kt-inside-inner-col{flex-direction:column;}.kadence-column22_04c490-56 > .kt-inside-inner-col > .aligncenter{width:100%;}.kadence-column22_04c490-56 > .kt-inside-inner-col:before{opacity:0.3;}.kadence-column22_04c490-56{position:relative;}@media all and (max-width: 1024px){.kadence-column22_04c490-56 > .kt-inside-inner-col{flex-direction:column;justify-content:center;}}@media all and (max-width: 767px){.kadence-column22_04c490-56 > .kt-inside-inner-col{flex-direction:column;justify-content:center;}}<\/style>\n<div class=\"wp-block-kadence-column kadence-column22_04c490-56\"><div class=\"kt-inside-inner-col\">\n<p style=\"font-size:24px;font-style:normal;font-weight:500\"><strong>GESCH\u00c4FTSADRESSE<br><\/strong>Swing Productions<br>Postfach 2417<br>8401 Winterthur<\/p>\n\n\n\n<figure class=\"wp-block-embed is-type-video is-provider-youtube wp-block-embed-youtube wp-embed-aspect-16-9 wp-has-aspect-ratio\"><div class=\"wp-block-embed__wrapper\">\n<iframe loading=\"lazy\" title=\"Weg zum SwingFLOOR - Escher-Wyss-Platz\" width=\"500\" height=\"281\" src=\"https:\/\/www.youtube.com\/embed\/wtMBr-7wFxw?feature=oembed\" frameborder=\"0\" allow=\"accelerometer; autoplay; clipboard-write; encrypted-media; gyroscope; picture-in-picture; web-share\" referrerpolicy=\"strict-origin-when-cross-origin\" allowfullscreen><\/iframe>\n<\/div><\/figure>\n\n\n\n<div style=\"height:64px\" aria-hidden=\"true\" class=\"wp-block-spacer\"><\/div>\n<\/div><\/div>\n\n<\/div><\/div>\n\n<style>.kadence-column22_9f9e11-81 > .kt-inside-inner-col{padding-top:var(--global-kb-spacing-md, 2rem);padding-right:var(--global-kb-spacing-md, 2rem);padding-bottom:var(--global-kb-spacing-md, 2rem);padding-left:var(--global-kb-spacing-md, 2rem);}.kadence-column22_9f9e11-81 > .kt-inside-inner-col,.kadence-column22_9f9e11-81 > .kt-inside-inner-col:before{border-top-left-radius:32px;border-top-right-radius:32px;border-bottom-right-radius:32px;border-bottom-left-radius:32px;}.kadence-column22_9f9e11-81 > .kt-inside-inner-col{column-gap:var(--global-kb-gap-sm, 1rem);}.kadence-column22_9f9e11-81 > .kt-inside-inner-col{flex-direction:column;}.kadence-column22_9f9e11-81 > .kt-inside-inner-col > .aligncenter{width:100%;}.kadence-column22_9f9e11-81 > .kt-inside-inner-col{background-color:#436552;}.kadence-column22_9f9e11-81 > .kt-inside-inner-col:before{opacity:0.3;}.kadence-column22_9f9e11-81{position:relative;}@media all and (max-width: 1024px){.kadence-column22_9f9e11-81 > .kt-inside-inner-col{flex-direction:column;justify-content:center;}}@media all and (max-width: 767px){.kadence-column22_9f9e11-81 > .kt-inside-inner-col{flex-direction:column;justify-content:center;}}<\/style>\n<div class=\"wp-block-kadence-column kadence-column22_9f9e11-81\"><div class=\"kt-inside-inner-col\"><h2 class=\"has-link-color wp-elements-b76cd4412de1a1268bd15b302e55bd7c wp-block-post-title has-text-color has-background-color has-xl-font-size\">Kontakt<\/h2>\n\n<style>.kb-row-layout-id22_fb808a-cf > .kt-row-column-wrap{align-content:start;}:where(.kb-row-layout-id22_fb808a-cf > .kt-row-column-wrap) > .wp-block-kadence-column{justify-content:start;}.kb-row-layout-id22_fb808a-cf > .kt-row-column-wrap{column-gap:var(--global-kb-gap-md, 2rem);row-gap:var(--global-kb-gap-md, 2rem);padding-top:0px;padding-right:0px;padding-bottom:0px;padding-left:0px;grid-template-columns:minmax(0, calc(35% - ((var(--global-kb-gap-md, 2rem) * 1 )\/2)))minmax(0, calc(65% - ((var(--global-kb-gap-md, 2rem) * 1 )\/2)));}.kb-row-layout-id22_fb808a-cf > .kt-row-layout-overlay{opacity:0.30;}@media all and (max-width: 1024px){.kb-row-layout-id22_fb808a-cf > .kt-row-column-wrap{grid-template-columns:minmax(0, 2fr) minmax(0, 1fr);}}@media all and (max-width: 767px){.kb-row-layout-id22_fb808a-cf > .kt-row-column-wrap{grid-template-columns:minmax(0, 1fr);}}<\/style><div class=\"kb-row-layout-wrap kb-row-layout-id22_fb808a-cf alignnone wp-block-kadence-rowlayout\"><div class=\"kt-row-column-wrap kt-has-2-columns kt-row-layout-left-golden kt-tab-layout-inherit kt-mobile-layout-row kt-row-valign-top\">\n<style>.kadence-column22_01de68-a3 > .kt-inside-inner-col,.kadence-column22_01de68-a3 > .kt-inside-inner-col:before{border-top-left-radius:0px;border-top-right-radius:0px;border-bottom-right-radius:0px;border-bottom-left-radius:0px;}.kadence-column22_01de68-a3 > .kt-inside-inner-col{column-gap:var(--global-kb-gap-sm, 1rem);}.kadence-column22_01de68-a3 > .kt-inside-inner-col{flex-direction:column;}.kadence-column22_01de68-a3 > .kt-inside-inner-col > .aligncenter{width:100%;}.kadence-column22_01de68-a3 > .kt-inside-inner-col:before{opacity:0.3;}.kadence-column22_01de68-a3{position:relative;}@media all and (max-width: 1024px){.kadence-column22_01de68-a3 > .kt-inside-inner-col{flex-direction:column;justify-content:center;}}@media all and (max-width: 767px){.kadence-column22_01de68-a3 > .kt-inside-inner-col{flex-direction:column;justify-content:center;}}<\/style>\n<div class=\"wp-block-kadence-column kadence-column22_01de68-a3\"><div class=\"kt-inside-inner-col\">\n<div style=\"height:16px\" aria-hidden=\"true\" class=\"wp-block-spacer\"><\/div>\n\n\n\n<p class=\"has-background-color has-text-color has-link-color wp-elements-9c84d12b6f95ccdf87446466202a62dc\" style=\"font-size:24px;font-style:normal;font-weight:500\">Wir beantworten E-Mails mehrmals pro Woche und geben Auskunft zu Tanzkursen, Kurslevels, SwingFLOOR Partys, etc. Hier kannst du ebenfalls Gutscheine bestellen. Viele Informationen gibt es aber bestimmt bereits auf unserer Webseite.<\/p>\n<\/div><\/div>\n\n\n<style>.kadence-column22_d6290d-7b > .kt-inside-inner-col,.kadence-column22_d6290d-7b > .kt-inside-inner-col:before{border-top-left-radius:0px;border-top-right-radius:0px;border-bottom-right-radius:0px;border-bottom-left-radius:0px;}.kadence-column22_d6290d-7b > .kt-inside-inner-col{column-gap:var(--global-kb-gap-sm, 1rem);}.kadence-column22_d6290d-7b > .kt-inside-inner-col{flex-direction:column;}.kadence-column22_d6290d-7b > .kt-inside-inner-col > .aligncenter{width:100%;}.kadence-column22_d6290d-7b > .kt-inside-inner-col:before{opacity:0.3;}.kadence-column22_d6290d-7b{position:relative;}@media all and (max-width: 1024px){.kadence-column22_d6290d-7b > .kt-inside-inner-col{flex-direction:column;justify-content:center;}}@media all and (max-width: 767px){.kadence-column22_d6290d-7b > .kt-inside-inner-col{flex-direction:column;justify-content:center;}}<\/style>\n<div class=\"wp-block-kadence-column kadence-column22_d6290d-7b\"><div class=\"kt-inside-inner-col\"><div class='fluentform ff-default fluentform_wrapper_1  ff_guten_block ff_guten_block-1 ffs_default_wrap'><form data-form_id=\"1\" id=\"fluentform_1\" class=\"frm-fluent-form fluent_form_1 ff-el-form-top ff_form_instance_1_1 ff-form-loading ff_has_v3_recptcha ffs_default\" data-form_instance=\"ff_form_instance_1_1\" method=\"POST\" data-recptcha_key=\"6LdvSlMrAAAAAHz4VZ9lDRnDIws20Ch3wr7k9UUo\" ><fieldset  style=\"border: none!important;margin: 0!important;padding: 0!important;background-color: transparent!important;box-shadow: none!important;outline: none!important; min-inline-size: 100%;\">\n                    <legend class=\"ff_screen_reader_title\" style=\"display: block; margin: 0!important;padding: 0!important;height: 0!important;text-indent: -999999px;width: 0!important;overflow:hidden;\">Kontaktformular<\/legend><input type='hidden' name='__fluent_form_embded_post_id' value='22' \/><input type=\"hidden\" id=\"_fluentform_1_fluentformnonce\" name=\"_fluentform_1_fluentformnonce\" value=\"00aa9b8dc3\" \/><input type=\"hidden\" name=\"_wp_http_referer\" value=\"\/it\/wp-json\/wp\/v2\/pages\/22\" \/><div data-type=\"name-element\" data-name=\"names\" class=\" ff-field_container ff-name-field-wrapper\" ><div class='ff-t-container'><div class='ff-t-cell '><div class='ff-el-group'><div class=\"ff-el-input--label ff-el-is-required asterisk-right\"><label for='ff_1_names_first_name_' id='label_ff_1_names_first_name_' >Vorname<\/label><\/div><div class='ff-el-input--content'><input type=\"text\" name=\"names[first_name]\" id=\"ff_1_names_first_name_\" class=\"ff-el-form-control\" placeholder=\"Vorname\" aria-invalid=\"false\" aria-required=true><\/div><\/div><\/div><div class='ff-t-cell '><div class='ff-el-group'><div class=\"ff-el-input--label asterisk-right\"><label for='ff_1_names_last_name_' id='label_ff_1_names_last_name_' >Nachname<\/label><\/div><div class='ff-el-input--content'><input type=\"text\" name=\"names[last_name]\" id=\"ff_1_names_last_name_\" class=\"ff-el-form-control\" placeholder=\"Nachname\" aria-invalid=\"false\" aria-required=false><\/div><\/div><\/div><\/div><\/div><div class='ff-el-group'><div class=\"ff-el-input--label ff-el-is-required asterisk-right\"><label for='ff_1_email' id='label_ff_1_email' aria-label=\"Email\">Email<\/label><\/div><div class='ff-el-input--content'><input type=\"email\" name=\"email\" id=\"ff_1_email\" class=\"ff-el-form-control\" placeholder=\"Email Adresse\" data-name=\"email\"  aria-invalid=\"false\" aria-required=true><\/div><\/div><div class='ff-el-group'><div class=\"ff-el-input--label ff-el-is-required asterisk-right\"><label for='ff_1_subject' id='label_ff_1_subject' aria-label=\"Betreff\">Betreff<\/label><\/div><div class='ff-el-input--content'><input type=\"text\" name=\"subject\" class=\"ff-el-form-control\" placeholder=\"Betreff\" data-name=\"subject\" id=\"ff_1_subject\"  aria-invalid=\"false\" aria-required=true><\/div><\/div><div class='ff-el-group'><div class=\"ff-el-input--label ff-el-is-required asterisk-right\"><label for='ff_1_message' id='label_ff_1_message' aria-label=\"Deine Nachricht\">Deine Nachricht<\/label><\/div><div class='ff-el-input--content'><textarea aria-required=\"true\" aria-labelledby=\"label_ff_1_message\" name=\"message\" id=\"ff_1_message\" class=\"ff-el-form-control\" placeholder=\"Deine Nachricht\" rows=\"8\" cols=\"2\" data-name=\"message\" ><\/textarea><\/div><\/div><div class='ff-el-group ff-text-left sp-btn ff_submit_btn_wrapper'><button type=\"submit\" class=\"ff-btn ff-btn-submit ff-btn-lg sp-btn ff_btn_style wpf_has_custom_css\"  aria-label=\"Abschicken\">Abschicken<\/button><\/div><\/fieldset><\/form><div id='fluentform_1_errors' class='ff-errors-in-stack ff_form_instance_1_1 ff-form-loading_errors ff_form_instance_1_1_errors'><\/div><\/div>            <script type=\"text\/javascript\">\n                window.fluent_form_ff_form_instance_1_1 = {\"id\":\"1\",\"ajaxUrl\":\"https:\\\/\\\/swing.ch\\\/wp-admin\\\/admin-ajax.php\",\"settings\":{\"layout\":{\"labelPlacement\":\"top\",\"helpMessagePlacement\":\"with_label\",\"errorMessagePlacement\":\"inline\",\"cssClassName\":\"\",\"asteriskPlacement\":\"asterisk-right\"},\"restrictions\":{\"denyEmptySubmission\":{\"enabled\":false}}},\"form_instance\":\"ff_form_instance_1_1\",\"form_id_selector\":\"fluentform_1\",\"rules\":{\"names[first_name]\":{\"required\":{\"value\":true,\"message\":\"This field is required\",\"global\":false,\"global_message\":\"This field is required\"}},\"names[middle_name]\":{\"required\":{\"value\":false,\"message\":\"This field is required\",\"global\":false,\"global_message\":\"This field is required\"}},\"names[last_name]\":{\"required\":{\"value\":false,\"message\":\"This field is required\",\"global\":false,\"global_message\":\"This field is required\"}},\"email\":{\"required\":{\"value\":true,\"message\":\"This field is required\",\"global\":false,\"global_message\":\"This field is required\"},\"email\":{\"value\":true,\"message\":\"This field must contain a valid email\",\"global\":false,\"global_message\":\"This field must contain a valid email\"}},\"subject\":{\"required\":{\"value\":true,\"message\":\"This field is required\",\"global\":false,\"global_message\":\"This field is required\"}},\"message\":{\"required\":{\"value\":true,\"message\":\"This field is required\",\"global\":false,\"global_message\":\"This field is required\"}},\"g-recaptcha-response\":[]},\"debounce_time\":300};\n                            <\/script>\n            <\/div><\/div>\n\n<\/div><\/div>\n\n\n<div style=\"height:16px\" aria-hidden=\"true\" class=\"wp-block-spacer\"><\/div>\n<\/div><\/div>\n\n\n\n<div style=\"height:64px\" aria-hidden=\"true\" class=\"wp-block-spacer\"><\/div>\n\n\n\n<p style=\"font-size:24px;font-style:normal;font-weight:500\"><strong>KONTOANGABEN<br><\/strong>PC 87-193600-9<br>IBAN CH0809000000871936009<br>SWIFT \/ BIC: POFICHBEXXX<\/p>\n\n\n\n<p style=\"font-size:24px;font-style:normal;font-weight:500\"><strong>NEWS ABONNIEREN<br><\/strong>Einfach <strong>Telegram <\/strong>installieren&nbsp;und unserer Kan\u00e4le abbonnieren:<br>1. News zu&nbsp;<a href=\"https:\/\/t.me\/LindyHopInZuerich\">Parties und freien Pl\u00e4tzen in laufenden Lindy Hop Kursen<\/a><br>2. News zu <a href=\"https:\/\/t.me\/LindyHop_Anfaengerkurse_Zuerich\">Lindy Hop Anf\u00e4ngerkursen<\/a><br>3. News zum <a href=\"https:\/\/t.me\/IsThereHop\">IsThereHop?<\/a><\/p>\n\n\n\n<p style=\"font-size:24px;font-style:normal;font-weight:500\">Einfach <strong>Whatsapp installieren <\/strong>und Swing Productions <strong>076 476 07 66<\/strong> als Kontakt hinzuf\u00fcgen und folgenden Nachrichten senden:<br>1. \u201c<strong>Lindy<\/strong>\u201d f\u00fcr News zu Partys und laufenden Kursen<br>2. \u201c<strong>Beginners<\/strong>\u201d f\u00fcr News zu Anf\u00e4ngerkursen<\/p>\n\n\n\n<p style=\"font-size:24px;font-style:normal;font-weight:500\"><strong>WICHTIG<br><\/strong>Mit dem senden der Nachricht stimmst Du zu, dass mit Dir \u00fcber WhatsApp\/Telegram kommuniziert wird und daf\u00fcr Deine Daten verarbeitet werden. Der WhatsApp\/Telegram Newsletter ist ein reiner Informationskanal. Deine pers\u00f6nlichen Fragen &amp; Anliegen beantworten wir sehr gerne per <a href=\"https:\/\/swing.ch\/kontakt\/\" data-type=\"page\" data-id=\"22\">E-Mail.<\/a><\/p>\n<\/div>\n","protected":false},"excerpt":{"rendered":"<p>TANZLOKALSwingFLOORR\u00f6schibachstrasse 228037 Z\u00fcrich GESCH\u00c4FTSADRESSESwing ProductionsPostfach 24178401 Winterthur Wir beantworten E-Mails mehrmals pro Woche und geben Auskunft zu Tanzkursen, Kurslevels, SwingFLOOR Partys, etc. Hier kannst du ebenfalls Gutscheine bestellen. Viele Informationen gibt es aber bestimmt bereits auf unserer Webseite. KONTOANGABENPC 87-193600-9IBAN CH0809000000871936009SWIFT \/ BIC: POFICHBEXXX NEWS ABONNIERENEinfach Telegram installieren&nbsp;und unserer Kan\u00e4le abbonnieren:1. News zu&nbsp;Parties und freien [&hellip;]<\/p>\n","protected":false},"author":4,"featured_media":1287,"parent":0,"menu_order":0,"comment_status":"closed","ping_status":"closed","template":"","meta":{"_acf_changed":false,"footnotes":""},"class_list":["post-22","page","type-page","status-publish","has-post-thumbnail","hentry"],"acf":[],"_links":{"self":[{"href":"https:\/\/swing.ch\/it\/wp-json\/wp\/v2\/pages\/22","targetHints":{"allow":["GET"]}}],"collection":[{"href":"https:\/\/swing.ch\/it\/wp-json\/wp\/v2\/pages"}],"about":[{"href":"https:\/\/swing.ch\/it\/wp-json\/wp\/v2\/types\/page"}],"author":[{"embeddable":true,"href":"https:\/\/swing.ch\/it\/wp-json\/wp\/v2\/users\/4"}],"replies":[{"embeddable":true,"href":"https:\/\/swing.ch\/it\/wp-json\/wp\/v2\/comments?post=22"}],"version-history":[{"count":33,"href":"https:\/\/swing.ch\/it\/wp-json\/wp\/v2\/pages\/22\/revisions"}],"predecessor-version":[{"id":1647,"href":"https:\/\/swing.ch\/it\/wp-json\/wp\/v2\/pages\/22\/revisions\/1647"}],"wp:featuredmedia":[{"embeddable":true,"href":"https:\/\/swing.ch\/it\/wp-json\/wp\/v2\/media\/1287"}],"wp:attachment":[{"href":"https:\/\/swing.ch\/it\/wp-json\/wp\/v2\/media?parent=22"}],"curies":[{"name":"wp","href":"https:\/\/api.w.org\/{rel}","templated":true}]}}