{"id":33,"date":"2025-02-12T08:59:02","date_gmt":"2025-02-12T08:59:02","guid":{"rendered":"https:\/\/u-till.codepixelz.tech\/?page_id=33"},"modified":"2026-04-20T15:07:53","modified_gmt":"2026-04-20T13:07:53","slug":"partys","status":"publish","type":"page","link":"https:\/\/swing.ch\/fr\/partys\/","title":{"rendered":"F\u00eates"},"content":{"rendered":"<div style=\"height:10px\" aria-hidden=\"true\" class=\"wp-block-spacer\"><\/div>\n\n\n\n<div class=\"wp-block-group sp-team-hero-sec is-layout-constrained wp-block-group-is-layout-constrained\">\n<div class=\"wp-block-group is-layout-constrained wp-block-group-is-layout-constrained\"><h1 class=\"sp-horizontal-line-head sp-width-280 wp-block-post-title has-xxl-font-size\">F\u00eates<\/h1><\/div>\n\n\n\n<div style=\"height:20px\" aria-hidden=\"true\" class=\"wp-block-spacer\"><\/div>\n\n\n\n<div style=\"height:30px\" aria-hidden=\"true\" class=\"wp-block-spacer\"><\/div>\n\n\n\n<p style=\"font-size:24px;font-style:normal;font-weight:500\"><strong>Nous faisons la f\u00eate ! SwingFLOOR Lindy Hop Social ! DJs r\u00e9sidents, cours acc\u00e9l\u00e9r\u00e9 de Lindy Hop, climat frais, son chaud !<\/strong><\/p>\n\n\n\n<p class=\"is-style-default\">Nos soir\u00e9es sont l\u00e9gendaires, car depuis 1997, on y va jusqu'\u00e0 ce que les tout derniers danseurs n'en puissent plus. Un m\u00e9lange flagrant de hits swing des 100 derni\u00e8res ann\u00e9es, mais aussi de r\u00e9interpr\u00e9tations passionnantes de classiques, une pinc\u00e9e de blues, de boogie, de rock'n'roll et de musique de film en font partie. Plus il est tard (ou t\u00f4t), plus le r\u00e9pertoire est large ! Nous faisons monter en puissance les nouveaux danseurs et mettons au d\u00e9fi les danseurs les plus exp\u00e9riment\u00e9s. Il y en a pour tous les go\u00fbts ! Et si vous faites une pause sur la meilleure piste de danse de Zurich, vous pouvez vous offrir une boisson fra\u00eeche et des snacks au bar avec service !<\/p>\n\n\n\n<p style=\"font-size:24px;font-style:normal;font-weight:500\">\ud83d\udcc5 Donn\u00e9es :<br><br>25 avril 2026<br>30 mai 2026 \u2013 <a href=\"https:\/\/worldlindyhopday.wordpress.com\/\" target=\"_blank\" rel=\"noreferrer noopener\">Journ\u00e9e mondiale du lindy hop<\/a><br>27 juin 2026 - Going to Herr\u00e4ng Party !<\/p>\n\n\n\n<p>D'autres dates seront publi\u00e9es prochainement.<\/p>\n\n\n\n<p style=\"font-size:24px;font-style:normal;font-weight:500\"><a href=\"https:\/\/emojipedia.org\/student\" target=\"_blank\" rel=\"noopener\">\ud83e\uddd1\u200d\ud83c\udf93<\/a> Cours acc\u00e9l\u00e9r\u00e9 : 20:00 heures<br>\ud83d\udc83 F\u00eate : 21:00 heures<br>\ud83d\udccd Emplacement : <a href=\"https:\/\/maps.app.goo.gl\/tPcuZKM2n9h8ggGa8\" target=\"_blank\" rel=\"noopener\">Swing Productions<\/a>, R\u00f6schibachstrasse 22, 8037 Zurich<br>\ud83c\udfab Billets : <a href=\"https:\/\/office.swing.ch\/de?eventTypes=party\">office.swing.ch<\/a> ou \u00e0 la caisse du soir 15 CHF \/ 10 CHF avec l\u00e9gitimation<\/p>\n<\/div>\n\n\n\n<div class=\"wp-block-buttons is-layout-flex wp-block-buttons-is-layout-flex\">\n<div class=\"wp-block-button sp-btn\"><a class=\"wp-block-button__link wp-element-button\" href=\"https:\/\/office.swing.ch\/de?eventTypes=party\">Acheter un billet<\/a><\/div>\n<\/div>\n\n\n\n<p><\/p>","protected":false},"excerpt":{"rendered":"<p>Wir feiern. SwingFLOOR Lindy Hop Social! Resident-DJs, Lindy Hop Crash Kurs, k\u00fchles Klima, heisser Sound! Unsere Partys sind legend\u00e4r, denn seit 1997 wird aufgelegt bis die allerletzten T\u00e4nzer:innen nicht mehr k\u00f6nnen. Ein eklatanter Mix aus Swing Hits der letzten 100 Jahre, aber auch spannenden Neuinterpretationen von Klassikern, eine Prise Blues, Boogie, Rock&#8217;n&#8217;Roll und Filmmusik geh\u00f6ren [&hellip;]<\/p>\n","protected":false},"author":4,"featured_media":1024,"parent":0,"menu_order":0,"comment_status":"closed","ping_status":"closed","template":"","meta":{"_acf_changed":false,"footnotes":""},"class_list":["post-33","page","type-page","status-publish","has-post-thumbnail","hentry"],"acf":[],"_links":{"self":[{"href":"https:\/\/swing.ch\/fr\/wp-json\/wp\/v2\/pages\/33","targetHints":{"allow":["GET"]}}],"collection":[{"href":"https:\/\/swing.ch\/fr\/wp-json\/wp\/v2\/pages"}],"about":[{"href":"https:\/\/swing.ch\/fr\/wp-json\/wp\/v2\/types\/page"}],"author":[{"embeddable":true,"href":"https:\/\/swing.ch\/fr\/wp-json\/wp\/v2\/users\/4"}],"replies":[{"embeddable":true,"href":"https:\/\/swing.ch\/fr\/wp-json\/wp\/v2\/comments?post=33"}],"version-history":[{"count":37,"href":"https:\/\/swing.ch\/fr\/wp-json\/wp\/v2\/pages\/33\/revisions"}],"predecessor-version":[{"id":1948,"href":"https:\/\/swing.ch\/fr\/wp-json\/wp\/v2\/pages\/33\/revisions\/1948"}],"wp:featuredmedia":[{"embeddable":true,"href":"https:\/\/swing.ch\/fr\/wp-json\/wp\/v2\/media\/1024"}],"wp:attachment":[{"href":"https:\/\/swing.ch\/fr\/wp-json\/wp\/v2\/media?parent=33"}],"curies":[{"name":"wp","href":"https:\/\/api.w.org\/{rel}","templated":true}]}}