{"id":3,"date":"2025-02-11T11:29:45","date_gmt":"2025-02-11T11:29:45","guid":{"rendered":"https:\/\/u-till.codepixelz.tech\/?page_id=3"},"modified":"2025-05-15T11:29:26","modified_gmt":"2025-05-15T09:29:26","slug":"legal","status":"publish","type":"page","link":"https:\/\/swing.ch\/fr\/legal\/","title":{"rendered":"Legal"},"content":{"rendered":"<h2 class=\"wp-block-heading\">Mentions l\u00e9gales<\/h2>\n\n\n\n<p><strong>ADRESSE PROFESSIONNELLE<br><\/strong>Swing Productions<br>Bo\u00eete postale 2417<br>8401 Winterthur<br>help@swing.ch<\/p>\n\n\n\n<h2 class=\"wp-block-heading\">Protection des donn\u00e9es<\/h2>\n\n\n\n<p><strong>PROTECTION DES DONN\u00c9ES<br><\/strong>1. g\u00e9n\u00e9ralit\u00e9s<br>Lors de l'acc\u00e8s \u00e0 l'offre d'information de swing.ch, aucune donn\u00e9e personnelle n'est en principe saisie et enregistr\u00e9e dans le but d'\u00e9valuer le comportement individuel de l'utilisateur. Certaines offres d'information et de transaction ne peuvent cependant \u00eatre trait\u00e9es que si un minimum de donn\u00e9es personnelles a \u00e9t\u00e9 communiqu\u00e9. Les dispositions relatives \u00e0 la protection des donn\u00e9es s'appliquent \u00e0 cet effet.<\/p>\n\n\n\n<p>2. donn\u00e9es de non-tracking<br>L'utilisation du site www.swing.ch g\u00e9n\u00e8re des donn\u00e9es. Certaines donn\u00e9es sont n\u00e9cessaires pour des raisons techniques, d'autres sont collect\u00e9es sciemment afin d'obtenir des informations sur le type d'utilisation et d'adapter en permanence l'offre aux besoins des utilisateurs.Lors de la premi\u00e8re consultation du site www.swing.ch ou de l'une de ses sous-pages, un cookie est d\u00e9pos\u00e9 sur le syst\u00e8me du visiteur par l'\u00e9quilibreur de charge. Ce cookie contient une valeur de hachage al\u00e9atoire qui permet de d\u00e9finir le serveur auquel seront adress\u00e9es toutes les demandes suivantes du syst\u00e8me. L'objectif est de r\u00e9partir la charge de mani\u00e8re uniforme sur tous les serveurs.Lors de l'appel de www.swing.ch ou de l'une de ses sous-pages directes, la variante du site web optimis\u00e9e pour les ordinateurs de bureau ou les appareils mobiles s'affiche en fonction de la taille de la fen\u00eatre du navigateur utilis\u00e9. Si ce r\u00e9glage automatique est modifi\u00e9 manuellement \u00e0 l'aide du bouton \"Passer \u00e0 l'affichage mobile\" ou \"Passer \u00e0 l'affichage de bureau\", le nouveau r\u00e9glage est enregistr\u00e9 sur le syst\u00e8me de l'utilisateur via un cookie. Le cookie contient le r\u00e9glage souhait\u00e9 sous forme de texte (\"mobile\" ou \"desktop\") et a une dur\u00e9e de vie de 20 ans.En remplissant des enqu\u00eates et des formulaires ainsi qu'une inscription\/un enregistrement \u00e0 un cours, on part du principe que l'utilisateur participe de son plein gr\u00e9 et que les donn\u00e9es sont donc \u00e9galement fournies volontairement. Les donn\u00e9es transmises sont utilis\u00e9es exclusivement dans le cadre de l'enqu\u00eate ou du formulaire concern\u00e9. Il est possible de s'informer par telegram sur les nouveaut\u00e9s de l'administration cantonale dans certains domaines th\u00e9matiques \u00e0 l'adresse https:\/\/www.swing.ch\/#!\/c124. Les informations demand\u00e9es \u00e0 cet effet sont utilis\u00e9es exclusivement \u00e0 cette fin et ne sont pas transmises \u00e0 des tiers, sauf bien s\u00fbr au fabricant et \u00e0 l'exploitant de telegram n\u00e9cessaires \u00e0 cet effet.Swing.ch propose \u00e0 certaines occasions une transmission en direct par streaming vid\u00e9o. Pour des raisons techniques, le prestataire de services responsable de ce service conna\u00eet, pour la dur\u00e9e de la transmission, les adresses IP des appareils qui diffusent le streaming. Les adresses IP sont enregistr\u00e9es de mani\u00e8re anonyme \u00e0 des fins statistiques.<\/p>\n\n\n\n<p>3. donn\u00e9es issues de l'activit\u00e9 de suivi<br>Le site web www.swing.ch et les sous-pages directes utilisent un logiciel d'analyse web (actuellement www.matomo.org) afin d'obtenir, \u00e0 l'aide de donn\u00e9es anonymes, des informations permettant d'am\u00e9liorer l'offre. Ce tracking peut \u00eatre emp\u00each\u00e9 par le r\u00e9glage Do Not Track dans les navigateurs courants. Ce r\u00e9glage a pour effet que la balise \"Do-Not-Track\" est envoy\u00e9e dans le bloc d'en-t\u00eate de la demande du navigateur et que les actions du visiteur ne sont pas \u00e9valu\u00e9es.En temps normal, les donn\u00e9es suivantes sont collect\u00e9es sur le syst\u00e8me du visiteur par le biais d'un Javascript impl\u00e9ment\u00e9 dans le site web :<\/p>\n\n\n\n<ul class=\"wp-block-list\">\n<li>Adresse IP<\/li>\n\n\n\n<li>date et heure de la demande<\/li>\n\n\n\n<li>Titre de la page demand\u00e9eURL de la page actuellement demand\u00e9eURL de la page pr\u00e9c\u00e9demment consult\u00e9e (Referrer)<\/li>\n\n\n\n<li>R\u00e9solution d'\u00e9cran actuelle<\/li>\n\n\n\n<li>Heure locale<\/li>\n\n\n\n<li>Fichiers sur lesquels on a cliqu\u00e9 et qui ont \u00e9t\u00e9 t\u00e9l\u00e9charg\u00e9s<\/li>\n\n\n\n<li>Liens cliqu\u00e9s qui pointent vers des pages \u00e9trang\u00e8res (outlink)<\/li>\n\n\n\n<li>Temps n\u00e9cessaire \u00e0 la cr\u00e9ation et \u00e0 la livraison de la page au visiteur (Page speed)<\/li>\n\n\n\n<li>Localisation : pays, r\u00e9gion, ville, latitude et longitude approximatives (g\u00e9olocalisation). Cette indication se base sur l'analyse de l'adresse IP et ne fournit donc parfois que des r\u00e9sultats tr\u00e8s approximatifs.<\/li>\n\n\n\n<li>Version linguistique utilis\u00e9e par le navigateur (Accept-Language header)<\/li>\n\n\n\n<li>Client utilis\u00e9 (User-Agent header)<\/li>\n<\/ul>\n\n\n\n<p>L'adresse IPv4 est raccourcie du dernier octet pour le stockage et le traitement et est ainsi anonymis\u00e9e. Si Javascript n'est pas disponible chez l'utilisateur, les donn\u00e9es suivantes sont collect\u00e9es via le pixel de suivi alternatif :<\/p>\n\n\n\n<ul class=\"wp-block-list\">\n<li>Adresse IP<\/li>\n\n\n\n<li>date et heure de la demande<\/li>\n\n\n\n<li>URL de la page actuellement demand\u00e9e<\/li>\n\n\n\n<li>R\u00e9solution d'\u00e9cran actuelle<\/li>\n\n\n\n<li>Heure locale<\/li>\n\n\n\n<li>Fichiers sur lesquels on a cliqu\u00e9 et qui ont \u00e9t\u00e9 t\u00e9l\u00e9charg\u00e9s<\/li>\n\n\n\n<li>Liens cliqu\u00e9s qui pointent vers des pages \u00e9trang\u00e8res (outlink)<\/li>\n\n\n\n<li>Temps n\u00e9cessaire \u00e0 la cr\u00e9ation et \u00e0 la livraison de la page au visiteur (Page speed)<\/li>\n\n\n\n<li>Emplacement du syst\u00e8me du visiteur : pays, r\u00e9gion, ville, latitude et longitude approximatives (g\u00e9olocalisation). Cette indication se base sur l'analyse de l'adresse IP et ne fournit donc parfois que des r\u00e9sultats tr\u00e8s approximatifs.<\/li>\n\n\n\n<li>Version linguistique utilis\u00e9e par le navigateur (Accept-Language header)<\/li>\n\n\n\n<li>Client utilis\u00e9 (User-Agent header)<\/li>\n<\/ul>\n\n\n\n<p>L'adresse IPv4 est tronqu\u00e9e du dernier octet pour le stockage et le traitement et est donc anonymis\u00e9e. Afin de pouvoir reconna\u00eetre les visiteurs r\u00e9currents, un cookie est d\u00e9pos\u00e9 sur le syst\u00e8me de l'utilisateur pendant une visite (si cela est possible), qui contient les donn\u00e9es suivantes :<\/p>\n\n\n\n<ul class=\"wp-block-list\">\n<li>ID utilisateur unique g\u00e9n\u00e9r\u00e9 de mani\u00e8re al\u00e9atoire<\/li>\n\n\n\n<li>Heure de la premi\u00e8re visite de cet ID utilisateur<\/li>\n\n\n\n<li>Heure de la derni\u00e8re visite de cet ID utilisateur<\/li>\n\n\n\n<li>Nombre total de visites de cet ID utilisateur<\/li>\n<\/ul>\n\n\n\n<p>L'ID attribu\u00e9 est al\u00e9atoire et ne permet pas d'identifier la personne qui agit. Le cookie a une dur\u00e9e de vie de 7 jours et est prolong\u00e9 de 7 jours suppl\u00e9mentaires en cas de visite pendant cette p\u00e9riode. Pendant une visite, chaque visiteur se voit attribuer un identifiant al\u00e9atoire au moyen du cookie de session (dans la mesure du possible), ce qui permet d'attribuer \u00e0 ce visiteur toutes les actions effectu\u00e9es sur le site. En r\u00e8gle g\u00e9n\u00e9rale, le cookie est automatiquement supprim\u00e9 \u00e0 la fermeture de la fen\u00eatre du navigateur. Le r\u00e9glage par d\u00e9faut, selon lequel les cookies de session sont automatiquement supprim\u00e9s soit \u00e0 la fermeture de l'onglet, soit \u00e0 la fermeture du navigateur, peut \u00eatre remplac\u00e9 manuellement ou par certaines fonctions de confort. Le journal du serveur est \u00e9tabli par d\u00e9faut et contient toutes les informations essentielles d'un acc\u00e8s. Les donn\u00e9es journalis\u00e9es contiennent les informations suivantes :<\/p>\n\n\n\n<ul class=\"wp-block-list\">\n<li>Adresse IP<\/li>\n\n\n\n<li>Identificateur d'utilisateur (selon RFC 1413)<\/li>\n\n\n\n<li>ID d'utilisateur<\/li>\n\n\n\n<li>la date, l'heure et le fuseau horaire auxquels le serveur a re\u00e7u la requ\u00eate<\/li>\n\n\n\n<li>M\u00e9thode, ressource demand\u00e9e et protocole utilis\u00e9<\/li>\n\n\n\n<li>Code d'\u00e9tat HTTP<\/li>\n\n\n\n<li>Taille de l'objet livr\u00e9 en octets<\/li>\n<\/ul>\n\n\n\n<p>Les fichiers journaux sont conserv\u00e9s pendant une p\u00e9riode limit\u00e9e pour des raisons techniques et sont ensuite supprim\u00e9s.<\/p>\n\n\n\n<p>Si tu as des questions, n'h\u00e9site pas \u00e0 nous contacter, m\u00eame en dehors de la piste de danse.<br>Merci de continuer \u00e0 utiliser Swing.ch.<br>Ton \u00e9quipe Swing.ch<\/p>\n\n\n\n<h2 class=\"wp-block-heading\"><strong>CONDITIONS G\u00c9N\u00c9RALES DE VENTE<\/strong><\/h2>\n\n\n\n<p><strong>&nbsp; 1\u00c8RE INSCRIPTION<br><\/strong>&nbsp; &nbsp; &nbsp; &nbsp;L'inscription \u00e0 un cours ou \u00e0 un atelier de Swing Productions est obligatoire.<\/p>\n\n\n\n<p><strong>&nbsp; 2. D\u00c9SINSCRIPTION APR\u00c8S LA 1\u00c8RE SOIR\u00c9E DE COURS<br><\/strong>&nbsp; &nbsp; &nbsp; &nbsp;Nous facturons 40 CHF, sauf si un(e) rempla\u00e7ant(e) est propos\u00e9(e) ou si un certificat m\u00e9dical est pr\u00e9sent\u00e9.<\/p>\n\n\n\n<p><strong>&nbsp; 3. D\u00c9SINSCRIPTION APR\u00c8S LA 2E SOIR\u00c9E DE COURS<br><\/strong>&nbsp; &nbsp; &nbsp; &nbsp;Nous facturons 100% de la cotisation pour la s\u00e9rie de cours, \u00e0 moins que l'on pr\u00e9sente un* participant* de remplacement ou un certificat m\u00e9dical.<\/p>\n\n\n\n<p><strong>&nbsp; 4. ANNULATION D'UN COURS OU D'UN ATELIER DE LINDY HOP AVANT LE D\u00c9BUT DU COURS<br><\/strong>&nbsp; &nbsp; &nbsp; &nbsp;Nous facturons 100% du montant du cours\/atelier.<\/p>\n\n\n\n<p><strong>&nbsp; 5. MALADIE \/ ACCIDENT<br><\/strong>&nbsp; &nbsp; &nbsp; &nbsp;Les frais de cours ou d'atelier sont int\u00e9gralement rembours\u00e9s en cas de maladie ou d'accident, sur pr\u00e9sentation d'un certificat m\u00e9dical.<\/p>\n\n\n\n<p><strong>&nbsp; 6. RESPONSABILIT\u00c9 ET ASSURANCE<br><\/strong>&nbsp; &nbsp; &nbsp; &nbsp;Swing Productions n'assume aucune responsabilit\u00e9 et l'assurance est l'affaire des participants aux cours.<\/p>\n\n\n\n<p><strong>&nbsp; 7. ABSENCES<br><\/strong>&nbsp; &nbsp; &nbsp; &nbsp;Les absences (vacances, etc.) sont \u00e0 la charge des participants et n'ont aucune influence sur les frais de cours.&nbsp;<\/p>\n\n\n\n<p><strong>&nbsp; 8. ENTR\u00c9E TARDIVE<br><\/strong>&nbsp; &nbsp; &nbsp; &nbsp;Il n'est possible de rejoindre un cours en cours qu'\u00e0 titre exceptionnel et apr\u00e8s avoir consult\u00e9 les enseignants ou l'Office.<br>&nbsp; &nbsp; &nbsp; &nbsp;Les frais de cours s'\u00e9l\u00e8vent alors \u00e0 20 CHF par le\u00e7on restante (sans d\u00e9duction pour d'\u00e9ventuelles absences).<\/p>\n\n\n\n<p><strong>&nbsp; 9. R\u00c9DUCTIONS<br><\/strong>&nbsp; &nbsp; &nbsp; &nbsp;Les \u00e9tudiants b\u00e9n\u00e9ficient d'une r\u00e9duction sur les cours\/ateliers sur pr\u00e9sentation d'une carte d'\u00e9tudiant valable (= l\u00e9gitimation). La l\u00e9gitimation est disponible dans l'outil de r\u00e9servation SwingOFFICE<br>&nbsp; &nbsp; &nbsp; &nbsp;dans son propre profil. Il faut veiller \u00e0 ce que la date d'expiration soit bien visible. Le t\u00e9l\u00e9chargement est v\u00e9rifi\u00e9 ou refus\u00e9 manuellement, raison pour laquelle les<br>&nbsp; &nbsp; &nbsp; &nbsp;Le traitement peut prendre quelques heures. Ce n'est qu'\u00e0 partir de notre v\u00e9rification qu'un cours, un atelier ou une f\u00eate peut \u00eatre r\u00e9serv\u00e9 \u00e0 prix r\u00e9duit.<\/p>\n\n\n\n<p><strong>10. LEGI VALIDE<br><\/strong>&nbsp; &nbsp; &nbsp; &nbsp;Carte de l\u00e9gitimation d'une universit\u00e9 ou d'une haute \u00e9cole sp\u00e9cialis\u00e9e reconnue en Suisse (p. ex. Z\u00fcrcher Hochschule der K\u00fcnste, Universit\u00e4t Z\u00fcrich, ETH Z\u00fcrich, Z\u00fcrcher<br>&nbsp; &nbsp; &nbsp; &nbsp;Haute \u00e9cole des sciences appliqu\u00e9es, etc.)<\/p>\n\n\n\n<p><strong>11. NON VALABLE<br><\/strong>&nbsp; &nbsp; &nbsp; &nbsp;Carte d'\u00e9tudiant internationale, cartes de formation continue, une carte de l\u00e9gitimation dont la date de validit\u00e9 est \u00e9chue ou des cartes de l\u00e9gitimation culturelle. Exception pour le Lindy Friitig,<br>&nbsp; &nbsp; &nbsp; &nbsp;o\u00f9 sont \u00e9galement valables les l\u00e9gitimations culturelles, etc.<\/p>\n\n\n\n<p><strong>12. CHANGEMENT DE PARTENAIRE<br><\/strong>&nbsp; &nbsp; &nbsp; &nbsp;Dans le lindy hop, il n'y a pas de partenaire de danse fixe au sens classique du terme. Pendant nos cours, nous changeons donc r\u00e9guli\u00e8rement de partenaire.<\/p>\n\n\n\n<p><strong>13. JURIDICTION COMP\u00c9TENTE ET DROIT APPLICABLE<br><\/strong>&nbsp; &nbsp; &nbsp; &nbsp;Le lieu de juridiction est Zurich. Seul le droit suisse est applicable.<\/p>\n\n\n\n<p><strong>&nbsp; &nbsp; &nbsp; &nbsp;ADRESSE PROFESSIONNELLE<br><\/strong>&nbsp; &nbsp; &nbsp; &nbsp;Swing Productions<br>&nbsp; &nbsp; &nbsp; &nbsp;Bo\u00eete postale 2417<br>&nbsp; &nbsp; &nbsp; &nbsp;8401 Winterthur<br>&nbsp; &nbsp; &nbsp; &nbsp;help@swing.ch<\/p>\n\n\n\n<p><\/p>\n\n\n\n<p><strong>Code &amp; Design<\/strong><\/p>\n\n\n\n<p><a href=\"http:\/\/utill.ch\" target=\"_blank\" rel=\"noreferrer noopener\">utill.ch<\/a><\/p>","protected":false},"excerpt":{"rendered":"<p>Impressum GESCH\u00c4FTSADRESSESwing ProductionsPostfach 24178401 Winterthurhelp@swing.ch Datenschutz DATENSCHUTZ1. AllgemeinesBeim Zugriff auf das Informationsangebot von swing.ch werden grunds\u00e4tzlich keine pers\u00f6nlichen Daten erfasst und gespeichert, mit dem Ziel, das individuelle Nutzerverhalten auszuwerten.Bestimmte Informations- und Transaktionsangebote k\u00f6nnen indessen nur abgewickelt werden, wenn ein Mindestmass von Personendaten bekannt gegeben worden ist. Daf\u00fcr gelten die einschl\u00e4gigen Datenschutzbestimmungen. 2. Non-Tracking-DatenDurch Benutzung der [&hellip;]<\/p>\n","protected":false},"author":4,"featured_media":0,"parent":0,"menu_order":0,"comment_status":"closed","ping_status":"closed","template":"","meta":{"_acf_changed":false,"footnotes":""},"class_list":["post-3","page","type-page","status-publish","hentry"],"acf":[],"_links":{"self":[{"href":"https:\/\/swing.ch\/fr\/wp-json\/wp\/v2\/pages\/3","targetHints":{"allow":["GET"]}}],"collection":[{"href":"https:\/\/swing.ch\/fr\/wp-json\/wp\/v2\/pages"}],"about":[{"href":"https:\/\/swing.ch\/fr\/wp-json\/wp\/v2\/types\/page"}],"author":[{"embeddable":true,"href":"https:\/\/swing.ch\/fr\/wp-json\/wp\/v2\/users\/4"}],"replies":[{"embeddable":true,"href":"https:\/\/swing.ch\/fr\/wp-json\/wp\/v2\/comments?post=3"}],"version-history":[{"count":4,"href":"https:\/\/swing.ch\/fr\/wp-json\/wp\/v2\/pages\/3\/revisions"}],"predecessor-version":[{"id":1278,"href":"https:\/\/swing.ch\/fr\/wp-json\/wp\/v2\/pages\/3\/revisions\/1278"}],"wp:attachment":[{"href":"https:\/\/swing.ch\/fr\/wp-json\/wp\/v2\/media?parent=3"}],"curies":[{"name":"wp","href":"https:\/\/api.w.org\/{rel}","templated":true}]}}