{"id":20,"date":"2025-02-12T08:43:10","date_gmt":"2025-02-12T08:43:10","guid":{"rendered":"https:\/\/u-till.codepixelz.tech\/?page_id=20"},"modified":"2025-06-05T12:30:34","modified_gmt":"2025-06-05T10:30:34","slug":"studio","status":"publish","type":"page","link":"https:\/\/swing.ch\/fr\/studio\/","title":{"rendered":"Studio"},"content":{"rendered":"<div class=\"wp-block-group is-layout-constrained wp-container-core-group-is-layout-fa01cdab wp-block-group-is-layout-constrained\">\n<figure class=\"wp-block-image size-full is-style-default sp-studio-banner-img\"><img loading=\"lazy\" decoding=\"async\" width=\"1417\" height=\"945\" src=\"https:\/\/swing.ch\/wp-content\/uploads\/2025\/04\/8673a4dd15361aa430dc82d14790b211141dca38.jpg\" alt=\"Banni\u00e8re\" class=\"wp-image-477\" srcset=\"https:\/\/swing.ch\/wp-content\/uploads\/2025\/04\/8673a4dd15361aa430dc82d14790b211141dca38.jpg 1417w, https:\/\/swing.ch\/wp-content\/uploads\/2025\/04\/8673a4dd15361aa430dc82d14790b211141dca38-300x200.jpg 300w, https:\/\/swing.ch\/wp-content\/uploads\/2025\/04\/8673a4dd15361aa430dc82d14790b211141dca38-1024x683.jpg 1024w, https:\/\/swing.ch\/wp-content\/uploads\/2025\/04\/8673a4dd15361aa430dc82d14790b211141dca38-768x512.jpg 768w, https:\/\/swing.ch\/wp-content\/uploads\/2025\/04\/8673a4dd15361aa430dc82d14790b211141dca38-18x12.jpg 18w\" sizes=\"auto, (max-width: 1417px) 100vw, 1417px\" \/><\/figure>\n<\/div>\n\n\n\n<div class=\"wp-block-group alignfull is-layout-constrained wp-block-group-is-layout-constrained\">\n<div class=\"wp-block-cover alignfull is-light sp-about-top-content\"><img loading=\"lazy\" decoding=\"async\" width=\"927\" height=\"1024\" class=\"wp-block-cover__image-background wp-image-479 size-large\" alt=\"\" src=\"https:\/\/swing.ch\/wp-content\/uploads\/2025\/04\/greenball-light-4-927x1024.png\" style=\"object-position:50% 0%\" data-object-fit=\"cover\" data-object-position=\"50% 0%\" srcset=\"https:\/\/swing.ch\/wp-content\/uploads\/2025\/04\/greenball-light-4-927x1024.png 927w, https:\/\/swing.ch\/wp-content\/uploads\/2025\/04\/greenball-light-4-272x300.png 272w, https:\/\/swing.ch\/wp-content\/uploads\/2025\/04\/greenball-light-4-768x848.png 768w, https:\/\/swing.ch\/wp-content\/uploads\/2025\/04\/greenball-light-4-1391x1536.png 1391w, https:\/\/swing.ch\/wp-content\/uploads\/2025\/04\/greenball-light-4-11x12.png 11w, https:\/\/swing.ch\/wp-content\/uploads\/2025\/04\/greenball-light-4.png 1728w\" sizes=\"auto, (max-width: 927px) 100vw, 927px\" \/><span aria-hidden=\"true\" class=\"wp-block-cover__background has-background-dim-0 has-background-dim\"><\/span><div class=\"wp-block-cover__inner-container is-layout-flow wp-block-cover-is-layout-flow\">\n<div class=\"wp-block-group is-layout-constrained wp-block-group-is-layout-constrained\">\n<div class=\"wp-block-group is-layout-constrained wp-block-group-is-layout-constrained\">\n<h1 class=\"wp-block-heading sp-horizontal-line-head sp-width-190 has-xxl-font-size\">Notre studio<\/h1>\n\n\n<style>.kadence-column20_14dfa8-eb > .kt-inside-inner-col{padding-top:var(--global-kb-spacing-md, 2rem);padding-right:var(--global-kb-spacing-md, 2rem);padding-bottom:var(--global-kb-spacing-md, 2rem);padding-left:var(--global-kb-spacing-md, 2rem);}.kadence-column20_14dfa8-eb > .kt-inside-inner-col,.kadence-column20_14dfa8-eb > .kt-inside-inner-col:before{border-top-left-radius:32px;border-top-right-radius:32px;border-bottom-right-radius:32px;border-bottom-left-radius:32px;}.kadence-column20_14dfa8-eb > .kt-inside-inner-col{column-gap:var(--global-kb-gap-sm, 1rem);}.kadence-column20_14dfa8-eb > .kt-inside-inner-col{flex-direction:column;}.kadence-column20_14dfa8-eb > .kt-inside-inner-col > .aligncenter{width:100%;}.kadence-column20_14dfa8-eb > .kt-inside-inner-col{background-color:#436552;}.kadence-column20_14dfa8-eb > .kt-inside-inner-col:before{opacity:0.3;}.kadence-column20_14dfa8-eb{position:relative;}@media all and (max-width: 1024px){.kadence-column20_14dfa8-eb > .kt-inside-inner-col{flex-direction:column;justify-content:center;}}@media all and (max-width: 767px){.kadence-column20_14dfa8-eb > .kt-inside-inner-col{flex-direction:column;justify-content:center;}}<\/style>\n<div class=\"wp-block-kadence-column kadence-column20_14dfa8-eb\"><div class=\"kt-inside-inner-col\">\n<h2 class=\"wp-block-heading has-text-color has-link-color wp-elements-ee3830b4317681315a16559a2bbf5f27\" style=\"color:#f4eedc\">Fra\u00eechement r\u00e9nov\u00e9 au c\u0153ur de Zurich, avec un bar et un parquet, nous t'invitons \u00e0 passer dans notre studio pour faire swinguer ta jambe de danse !<\/h2>\n<\/div><\/div>\n<\/div>\n\n\n\n<div style=\"height:100px\" aria-hidden=\"true\" class=\"wp-block-spacer\"><\/div>\n<\/div>\n<\/div><\/div>\n\n\n\n<div class=\"wp-block-cover alignfull is-light sp-about-bottom-content\"><img loading=\"lazy\" decoding=\"async\" width=\"927\" height=\"1024\" class=\"wp-block-cover__image-background wp-image-479 size-large\" alt=\"\" src=\"https:\/\/swing.ch\/wp-content\/uploads\/2025\/04\/greenball-light-4-927x1024.png\" style=\"object-position:50% 100%\" data-object-fit=\"cover\" data-object-position=\"50% 100%\" srcset=\"https:\/\/swing.ch\/wp-content\/uploads\/2025\/04\/greenball-light-4-927x1024.png 927w, https:\/\/swing.ch\/wp-content\/uploads\/2025\/04\/greenball-light-4-272x300.png 272w, https:\/\/swing.ch\/wp-content\/uploads\/2025\/04\/greenball-light-4-768x848.png 768w, https:\/\/swing.ch\/wp-content\/uploads\/2025\/04\/greenball-light-4-1391x1536.png 1391w, https:\/\/swing.ch\/wp-content\/uploads\/2025\/04\/greenball-light-4-11x12.png 11w, https:\/\/swing.ch\/wp-content\/uploads\/2025\/04\/greenball-light-4.png 1728w\" sizes=\"auto, (max-width: 927px) 100vw, 927px\" \/><span aria-hidden=\"true\" class=\"wp-block-cover__background has-background-dim-0 has-background-dim\"><\/span><div class=\"wp-block-cover__inner-container is-layout-flow wp-block-cover-is-layout-flow\">\n<div class=\"wp-block-group is-horizontal is-content-justification-right is-nowrap is-layout-flex wp-container-core-group-is-layout-49a8ea1d wp-block-group-is-layout-flex\">\n<div class=\"wp-block-buttons is-content-justification-center is-layout-flex wp-container-core-buttons-is-layout-8057eaf3 wp-block-buttons-is-layout-flex\">\n<div class=\"wp-block-button sp-button is-style-fill sp-button-has-icon\"><a class=\"wp-block-button__link has-white-color has-text-color has-background has-link-color has-xl-font-size has-custom-font-size wp-element-button\" href=\"https:\/\/swing.ch\/fr\/kontakt\/\" style=\"background-color:#ff9f1d\">Contact<\/a><\/div>\n<\/div>\n\n\n\n<div class=\"wp-block-group sp-mobile-hidden is-layout-constrained wp-block-group-is-layout-constrained\">\n<div style=\"height:155px\" aria-hidden=\"true\" class=\"wp-block-spacer\"><\/div>\n\n\n\n<figure class=\"wp-block-image size-full is-resized\"><img loading=\"lazy\" decoding=\"async\" width=\"498\" height=\"490\" src=\"https:\/\/swing.ch\/wp-content\/uploads\/2025\/04\/dancer2.png\" alt=\"dancers\" class=\"wp-image-254\" style=\"width:420px\" srcset=\"https:\/\/swing.ch\/wp-content\/uploads\/2025\/04\/dancer2.png 498w, https:\/\/swing.ch\/wp-content\/uploads\/2025\/04\/dancer2-300x295.png 300w, https:\/\/swing.ch\/wp-content\/uploads\/2025\/04\/dancer2-12x12.png 12w\" sizes=\"auto, (max-width: 498px) 100vw, 498px\" \/><\/figure>\n<\/div>\n\n\n\n<figure class=\"wp-block-image size-full is-resized\"><img loading=\"lazy\" decoding=\"async\" width=\"563\" height=\"595\" src=\"https:\/\/swing.ch\/wp-content\/uploads\/2025\/04\/dancer3.png\" alt=\"dancers\" class=\"wp-image-255\" style=\"width:499px\" srcset=\"https:\/\/swing.ch\/wp-content\/uploads\/2025\/04\/dancer3.png 563w, https:\/\/swing.ch\/wp-content\/uploads\/2025\/04\/dancer3-284x300.png 284w, https:\/\/swing.ch\/wp-content\/uploads\/2025\/04\/dancer3-11x12.png 11w\" sizes=\"auto, (max-width: 563px) 100vw, 563px\" \/><\/figure>\n<\/div>\n<\/div><\/div>\n<\/div>\n\n\n\n<div class=\"wp-block-cover alignfull sp-gallery-impression\"><img loading=\"lazy\" decoding=\"async\" width=\"637\" height=\"1024\" class=\"wp-block-cover__image-background wp-image-506 size-large\" alt=\"\" src=\"https:\/\/swing.ch\/wp-content\/uploads\/2025\/04\/greenball-2-637x1024.png\" style=\"object-position:50% 100%\" data-object-fit=\"cover\" data-object-position=\"50% 100%\" srcset=\"https:\/\/swing.ch\/wp-content\/uploads\/2025\/04\/greenball-2-637x1024.png 637w, https:\/\/swing.ch\/wp-content\/uploads\/2025\/04\/greenball-2-187x300.png 187w, https:\/\/swing.ch\/wp-content\/uploads\/2025\/04\/greenball-2-768x1235.png 768w, https:\/\/swing.ch\/wp-content\/uploads\/2025\/04\/greenball-2-955x1536.png 955w, https:\/\/swing.ch\/wp-content\/uploads\/2025\/04\/greenball-2-1274x2048.png 1274w, https:\/\/swing.ch\/wp-content\/uploads\/2025\/04\/greenball-2-7x12.png 7w, https:\/\/swing.ch\/wp-content\/uploads\/2025\/04\/greenball-2.png 1592w\" sizes=\"auto, (max-width: 637px) 100vw, 637px\" \/><span aria-hidden=\"true\" class=\"wp-block-cover__background has-background-dim-0 has-background-dim\"><\/span><div class=\"wp-block-cover__inner-container is-layout-flow wp-block-cover-is-layout-flow\">\n<div class=\"wp-block-group is-layout-constrained wp-block-group-is-layout-constrained\">\n<div class=\"wp-block-group sp-heading-container is-layout-constrained wp-block-group-is-layout-constrained\">\n<h2 class=\"wp-block-heading sp-horizontal-line-head sp-width-190 has-xxl-font-size\">Images<\/h2>\n<\/div>\n\n\n\t<div class=\"sp-video-gallery-action sp-cover sp-no-repeat sp-bottom-center\">\n\t\t<div class=\"sp-video-gallery-container max-w-content mx-auto\">\n\t\t\t<div class=\"sp-slider-wrapper\">\n\t\t\t\t<div class=\"sp-video-slider\">\n\t\t\t\t\t\t\t\t\t\t\t\t\t<div class=\"sp-video-slide\">\n\t\t\t\t\t\t\t\t\t<img decoding=\"async\" src=\"https:\/\/swing.ch\/wp-content\/uploads\/2025\/04\/8673a4dd15361aa430dc82d14790b211141dca38.jpg\" class=\"sp-slider-img\" alt=\"dancer\">\n\t\t\t\t\t\t\t\t<\/div>\n\t\t\t\t\t\t\t\t\t\t\t\t\t<div class=\"sp-video-slide\">\n\t\t\t\t\t\t\t\t\t<img decoding=\"async\" src=\"https:\/\/swing.ch\/wp-content\/uploads\/2025\/05\/473426488_1539168177024268_3487454909757694863_n.jpg\" class=\"sp-slider-img\" alt=\"dancer\">\n\t\t\t\t\t\t\t\t<\/div>\n\t\t\t\t\t\t\t\t\t\t\t\t\t<div class=\"sp-video-slide\">\n\t\t\t\t\t\t\t\t\t<img decoding=\"async\" src=\"https:\/\/swing.ch\/wp-content\/uploads\/2025\/05\/480704763_1573429863598099_8259934779021474896_n.jpg\" class=\"sp-slider-img\" alt=\"dancer\">\n\t\t\t\t\t\t\t\t<\/div>\n\t\t\t\t\t\t\t\t\t\t\t\t\t<div class=\"sp-video-slide\">\n\t\t\t\t\t\t\t\t\t<img decoding=\"async\" src=\"https:\/\/swing.ch\/wp-content\/uploads\/2025\/05\/SCR-20250515-ngou.jpeg\" class=\"sp-slider-img\" alt=\"dancer\">\n\t\t\t\t\t\t\t\t<\/div>\n\t\t\t\t\t\n\n\t\t\t\t\t<!-- Add more slides if needed -->\n\t\t\t\t<\/div>\n\t\t\t\t<div class=\"sp-custom-arrows\">\n\t\t\t\t\t<a href=\"#\" class=\"sp-arrow prev-arrow\" aria-label=\"Previous Slide\">\n\t\t\t\t\t\t<svg width=\"30\" height=\"28\" viewbox=\"0 0 30 28\" fill=\"none\" xmlns=\"http:\/\/www.w3.org\/2000\/svg\">\n\t\t\t\t\t\t\t<path\n\t\t\t\t\t\t\t\td=\"M10.9142 28C10.0233 28 9.57714 26.9229 10.2071 26.2929L17.7929 18.7071C18.4229 18.0771 17.9767 17 17.0858 17H1C0.447715 17 0 16.5523 0 16V12C0 11.4477 0.447715 11 1 11H17.0858C17.9767 11 18.4229 9.92286 17.7929 9.29289L10.2071 1.70711C9.57714 1.07714 10.0233 0 10.9142 0H15.5858C15.851 0 16.1054 0.105357 16.2929 0.292893L29.2929 13.2929C29.6834 13.6834 29.6834 14.3166 29.2929 14.7071L16.2929 27.7071C16.1054 27.8946 15.851 28 15.5858 28H10.9142Z\"\n\t\t\t\t\t\t\t\tfill=\"#F4EEDC\" \/>\n\t\t\t\t\t\t<\/svg>\n\t\t\t\t\t<\/a>\n\t\t\t\t\t<a href=\"#\" class=\"sp-arrow next-arrow\" aria-label=\"Next Slide\">\n\t\t\t\t\t\t<svg width=\"30\" height=\"28\" viewbox=\"0 0 30 28\" fill=\"none\" xmlns=\"http:\/\/www.w3.org\/2000\/svg\">\n\t\t\t\t\t\t\t<path\n\t\t\t\t\t\t\t\td=\"M10.9142 28C10.0233 28 9.57714 26.9229 10.2071 26.2929L17.7929 18.7071C18.4229 18.0771 17.9767 17 17.0858 17H1C0.447715 17 0 16.5523 0 16V12C0 11.4477 0.447715 11 1 11H17.0858C17.9767 11 18.4229 9.92286 17.7929 9.29289L10.2071 1.70711C9.57714 1.07714 10.0233 0 10.9142 0H15.5858C15.851 0 16.1054 0.105357 16.2929 0.292893L29.2929 13.2929C29.6834 13.6834 29.6834 14.3166 29.2929 14.7071L16.2929 27.7071C16.1054 27.8946 15.851 28 15.5858 28H10.9142Z\"\n\t\t\t\t\t\t\t\tfill=\"#F4EEDC\" \/>\n\t\t\t\t\t\t<\/svg>\n\t\t\t\t\t<\/a>\n\t\t\t\t<\/div>\n\t\t\t<\/div>\n\t\t<\/div>\n\n\t<\/div>\n\n\n<\/div>\n\n\n\n<div style=\"height:100px\" aria-hidden=\"true\" class=\"wp-block-spacer\"><\/div>\n<\/div><\/div>\n\n\n\n<div class=\"wp-block-group sp-studio-img-dancing is-layout-constrained wp-block-group-is-layout-constrained\">\n<figure class=\"wp-block-image size-full is-resized\"><img loading=\"lazy\" decoding=\"async\" width=\"762\" height=\"733\" src=\"https:\/\/swing.ch\/wp-content\/uploads\/2025\/04\/women-dancing-1-1.png\" alt=\"femme qui danse\" class=\"wp-image-186\" style=\"width:550px\" srcset=\"https:\/\/swing.ch\/wp-content\/uploads\/2025\/04\/women-dancing-1-1.png 762w, https:\/\/swing.ch\/wp-content\/uploads\/2025\/04\/women-dancing-1-1-300x289.png 300w, https:\/\/swing.ch\/wp-content\/uploads\/2025\/04\/women-dancing-1-1-12x12.png 12w\" sizes=\"auto, (max-width: 762px) 100vw, 762px\" \/><\/figure>\n<\/div>\n\n\n\n<div class=\"wp-block-group sp-contact-map-sec is-layout-constrained wp-block-group-is-layout-constrained\">\n<div class=\"wp-block-group is-layout-constrained wp-block-group-is-layout-constrained\">\n<h2 class=\"wp-block-heading sp-horizontal-line-head sp-width-190 has-xxl-font-size\">Situation<\/h2>\n\n\n\n<div style=\"height:32px\" aria-hidden=\"true\" class=\"wp-block-spacer\"><\/div>\n<\/div>\n\n\n<style>.kb-row-layout-id20_1eb516-e7 > .kt-row-column-wrap{align-content:start;}:where(.kb-row-layout-id20_1eb516-e7 > .kt-row-column-wrap) > .wp-block-kadence-column{justify-content:start;}.kb-row-layout-id20_1eb516-e7 > .kt-row-column-wrap{column-gap:var(--global-kb-gap-md, 2rem);row-gap:var(--global-kb-gap-md, 2rem);padding-top:var(--global-kb-spacing-sm, 1.5rem);padding-bottom:var(--global-kb-spacing-sm, 1.5rem);grid-template-columns:minmax(0, calc(35% - ((var(--global-kb-gap-md, 2rem) * 1 )\/2)))minmax(0, calc(65% - ((var(--global-kb-gap-md, 2rem) * 1 )\/2)));}.kb-row-layout-id20_1eb516-e7 > .kt-row-layout-overlay{opacity:0.30;}@media all and (max-width: 1024px){.kb-row-layout-id20_1eb516-e7 > .kt-row-column-wrap{grid-template-columns:repeat(2, minmax(0, 1fr));}}@media all and (max-width: 767px){.kb-row-layout-id20_1eb516-e7 > .kt-row-column-wrap{grid-template-columns:minmax(0, 1fr);}}<\/style><div class=\"kb-row-layout-wrap kb-row-layout-id20_1eb516-e7 alignnone wp-block-kadence-rowlayout\"><div class=\"kt-row-column-wrap kt-has-2-columns kt-row-layout-equal kt-tab-layout-inherit kt-mobile-layout-row kt-row-valign-top\">\n<style>.kadence-column20_76f384-c2 > .kt-inside-inner-col,.kadence-column20_76f384-c2 > .kt-inside-inner-col:before{border-top-left-radius:0px;border-top-right-radius:0px;border-bottom-right-radius:0px;border-bottom-left-radius:0px;}.kadence-column20_76f384-c2 > .kt-inside-inner-col{column-gap:var(--global-kb-gap-sm, 1rem);}.kadence-column20_76f384-c2 > .kt-inside-inner-col{flex-direction:column;}.kadence-column20_76f384-c2 > .kt-inside-inner-col > .aligncenter{width:100%;}.kadence-column20_76f384-c2 > .kt-inside-inner-col:before{opacity:0.3;}.kadence-column20_76f384-c2{position:relative;}@media all and (max-width: 1024px){.kadence-column20_76f384-c2 > .kt-inside-inner-col{flex-direction:column;justify-content:center;}}@media all and (max-width: 767px){.kadence-column20_76f384-c2 > .kt-inside-inner-col{flex-direction:column;justify-content:center;}}<\/style>\n<div class=\"wp-block-kadence-column kadence-column20_76f384-c2\"><div class=\"kt-inside-inner-col\">\n<div class=\"wp-block-group sp-location is-nowrap is-layout-flex wp-container-core-group-is-layout-ad2f72ca wp-block-group-is-layout-flex\">\n<figure class=\"wp-block-image size-full sp-location-bg sp-img-circle\"><img loading=\"lazy\" decoding=\"async\" width=\"28\" height=\"34\" src=\"https:\/\/swing.ch\/wp-content\/uploads\/2025\/04\/Vector.png\" alt=\"site\" class=\"wp-image-522\" srcset=\"https:\/\/swing.ch\/wp-content\/uploads\/2025\/04\/Vector.png 28w, https:\/\/swing.ch\/wp-content\/uploads\/2025\/04\/Vector-10x12.png 10w\" sizes=\"auto, (max-width: 28px) 100vw, 28px\" \/><\/figure>\n\n\n\n<p class=\"has-regular-font-size\"><strong>LOQUE DE DANSE<br><\/strong>SwingFLOOR<br>R\u00f6schibachstrasse 22<br>8037 Zurich<\/p>\n<\/div>\n\n\n\n<div class=\"wp-block-group sp-location is-nowrap is-layout-flex wp-container-core-group-is-layout-ad2f72ca wp-block-group-is-layout-flex\">\n<figure class=\"wp-block-image size-full sp-location-bg sp-img-circle\"><img loading=\"lazy\" decoding=\"async\" width=\"34\" height=\"28\" src=\"https:\/\/swing.ch\/wp-content\/uploads\/2025\/04\/Vector-2.png\" alt=\"mail\" class=\"wp-image-529\" srcset=\"https:\/\/swing.ch\/wp-content\/uploads\/2025\/04\/Vector-2.png 34w, https:\/\/swing.ch\/wp-content\/uploads\/2025\/04\/Vector-2-15x12.png 15w\" sizes=\"auto, (max-width: 34px) 100vw, 34px\" \/><\/figure>\n\n\n\n<p class=\"has-regular-font-size\"><a href=\"mailto:help@swing.ch\">help@swing.ch<\/a><\/p>\n<\/div>\n<\/div><\/div>\n\n\n<style>.kadence-column20_2e070b-25 > .kt-inside-inner-col{padding-top:var(--global-kb-spacing-sm, 1.5rem);padding-right:var(--global-kb-spacing-sm, 1.5rem);padding-bottom:var(--global-kb-spacing-sm, 1.5rem);padding-left:var(--global-kb-spacing-sm, 1.5rem);}.kadence-column20_2e070b-25 > .kt-inside-inner-col,.kadence-column20_2e070b-25 > .kt-inside-inner-col:before{border-top-left-radius:32px;border-top-right-radius:32px;border-bottom-right-radius:32px;border-bottom-left-radius:32px;}.kadence-column20_2e070b-25 > .kt-inside-inner-col{column-gap:var(--global-kb-gap-sm, 1rem);}.kadence-column20_2e070b-25 > .kt-inside-inner-col{flex-direction:column;}.kadence-column20_2e070b-25 > .kt-inside-inner-col > .aligncenter{width:100%;}.kadence-column20_2e070b-25 > .kt-inside-inner-col{background-color:#436552;}.kadence-column20_2e070b-25 > .kt-inside-inner-col:before{opacity:0.3;}.kadence-column20_2e070b-25{position:relative;}@media all and (max-width: 1024px){.kadence-column20_2e070b-25 > .kt-inside-inner-col{flex-direction:column;justify-content:center;}}@media all and (max-width: 767px){.kadence-column20_2e070b-25 > .kt-inside-inner-col{flex-direction:column;justify-content:center;}}<\/style>\n<div class=\"wp-block-kadence-column kadence-column20_2e070b-25\"><div class=\"kt-inside-inner-col\">\n<figure class=\"wp-block-embed is-type-video is-provider-youtube wp-block-embed-youtube wp-embed-aspect-16-9 wp-has-aspect-ratio\"><div class=\"wp-block-embed__wrapper\">\n<iframe loading=\"lazy\" title=\"Chemin vers le SwingFLOOR - Place Escher-Wyss\" width=\"500\" height=\"281\" src=\"https:\/\/www.youtube.com\/embed\/wtMBr-7wFxw?feature=oembed\" frameborder=\"0\" allow=\"accelerometer; autoplay; clipboard-write; encrypted-media; gyroscope; picture-in-picture; web-share\" referrerpolicy=\"strict-origin-when-cross-origin\" allowfullscreen><\/iframe>\n<\/div><\/figure>\n<\/div><\/div>\n\n<\/div><\/div>\n\n<style>.kadence-column20_962b47-43 > .kt-inside-inner-col{padding-top:var(--global-kb-spacing-sm, 1.5rem);padding-right:var(--global-kb-spacing-sm, 1.5rem);padding-bottom:var(--global-kb-spacing-sm, 1.5rem);padding-left:var(--global-kb-spacing-sm, 1.5rem);}.kadence-column20_962b47-43 > .kt-inside-inner-col,.kadence-column20_962b47-43 > .kt-inside-inner-col:before{border-top-left-radius:32px;border-top-right-radius:32px;border-bottom-right-radius:32px;border-bottom-left-radius:32px;}.kadence-column20_962b47-43 > .kt-inside-inner-col{column-gap:var(--global-kb-gap-sm, 1rem);}.kadence-column20_962b47-43 > .kt-inside-inner-col{flex-direction:column;}.kadence-column20_962b47-43 > .kt-inside-inner-col > .aligncenter{width:100%;}.kadence-column20_962b47-43 > .kt-inside-inner-col{background-color:#436552;}.kadence-column20_962b47-43 > .kt-inside-inner-col:before{opacity:0.3;}.kadence-column20_962b47-43{position:relative;}@media all and (max-width: 1024px){.kadence-column20_962b47-43 > .kt-inside-inner-col{flex-direction:column;justify-content:center;}}@media all and (max-width: 767px){.kadence-column20_962b47-43 > .kt-inside-inner-col{flex-direction:column;justify-content:center;}}<\/style>\n<div class=\"wp-block-kadence-column kadence-column20_962b47-43\"><div class=\"kt-inside-inner-col\"><style>.kb-google-maps-container20_9fa398-a9{height:260px;}<\/style><div class=\"kb-google-maps-container kb-google-maps-container20_9fa398-a9  wp-block-kadence-googlemaps\" data-mapid=\"20_9fa398a9\"><iframe width=\"100%\" height=\"100%\"\n\t\t\t\t\t\t\tstyle=\"border:0\" loading=\"lazy\"\n\t\t\t\t\t\t\tsrc=\"https:\/\/www.google.com\/maps\/embed\/v1\/place?key=AIzaSyBAM2o7PiQqwk15LC1XRH2e_KJ-jUa7KYk&#038;zoom=14&#038;maptype=roadmap&#038;q=Swing+productions\"\n\t\t\t\t\t\t\ttitle=\"Carte Google de Swing productions\"><\/iframe><\/div><script>function kb_google_map20_9fa398a9() { let center = { lat: 37.8201, lng: -122.4781}; let map = new google.maps.Map(document.getElementById(\"kb-google-map20_9fa398a9\"), {\n\t\t\t\t\t    zoom: 14,\n\t\t\t\t\t    center: center,});let marker = new google.maps.Marker({   position: { lat: 37.8201, lng: -122.4781},    map: map,  });}<\/script><\/div><\/div>\n<\/div>\n\n\n\n<p><\/p>","protected":false},"excerpt":{"rendered":"<p>Situation TANZLOKALSwingFLOORR\u00f6schibachstrasse 228037 Z\u00fcrich help@swing.ch<\/p>","protected":false},"author":4,"featured_media":0,"parent":0,"menu_order":0,"comment_status":"closed","ping_status":"closed","template":"","meta":{"_acf_changed":false,"footnotes":""},"class_list":["post-20","page","type-page","status-publish","hentry"],"acf":[],"_links":{"self":[{"href":"https:\/\/swing.ch\/fr\/wp-json\/wp\/v2\/pages\/20","targetHints":{"allow":["GET"]}}],"collection":[{"href":"https:\/\/swing.ch\/fr\/wp-json\/wp\/v2\/pages"}],"about":[{"href":"https:\/\/swing.ch\/fr\/wp-json\/wp\/v2\/types\/page"}],"author":[{"embeddable":true,"href":"https:\/\/swing.ch\/fr\/wp-json\/wp\/v2\/users\/4"}],"replies":[{"embeddable":true,"href":"https:\/\/swing.ch\/fr\/wp-json\/wp\/v2\/comments?post=20"}],"version-history":[{"count":97,"href":"https:\/\/swing.ch\/fr\/wp-json\/wp\/v2\/pages\/20\/revisions"}],"predecessor-version":[{"id":1654,"href":"https:\/\/swing.ch\/fr\/wp-json\/wp\/v2\/pages\/20\/revisions\/1654"}],"wp:attachment":[{"href":"https:\/\/swing.ch\/fr\/wp-json\/wp\/v2\/media?parent=20"}],"curies":[{"name":"wp","href":"https:\/\/api.w.org\/{rel}","templated":true}]}}