{"id":33,"date":"2025-02-12T08:59:02","date_gmt":"2025-02-12T08:59:02","guid":{"rendered":"https:\/\/u-till.codepixelz.tech\/?page_id=33"},"modified":"2026-04-20T15:07:53","modified_gmt":"2026-04-20T13:07:53","slug":"partys","status":"publish","type":"page","link":"https:\/\/swing.ch\/en\/partys\/","title":{"rendered":"Parties"},"content":{"rendered":"<div style=\"height:10px\" aria-hidden=\"true\" class=\"wp-block-spacer\"><\/div>\n\n\n\n<div class=\"wp-block-group sp-team-hero-sec is-layout-constrained wp-block-group-is-layout-constrained\">\n<div class=\"wp-block-group is-layout-constrained wp-block-group-is-layout-constrained\"><h1 class=\"sp-horizontal-line-head sp-width-280 wp-block-post-title has-xxl-font-size\">Parties<\/h1><\/div>\n\n\n\n<div style=\"height:20px\" aria-hidden=\"true\" class=\"wp-block-spacer\"><\/div>\n\n\n\n<div style=\"height:30px\" aria-hidden=\"true\" class=\"wp-block-spacer\"><\/div>\n\n\n\n<p style=\"font-size:24px;font-style:normal;font-weight:500\"><strong>We celebrate. SwingFLOOR Lindy Hop Social! Resident DJs, Lindy Hop Crash Course, cool climate, hot sound!<\/strong><\/p>\n\n\n\n<p class=\"is-style-default\">Our parties are legendary, because since 1997 we have been playing until the very last dancers can't dance any more. A blatant mix of swing hits from the last 100 years, but also exciting new interpretations of classics, a pinch of blues, boogie, rock'n'roll and film music. The later (or earlier) it gets, the broader the repertoire! We get the new dancers up to speed and challenge even the most experienced dancers. There's something for everyone! And if you're taking a break from the best dance floor in Zurich, treat yourself to a cool drink and snacks at the staffed bar!<\/p>\n\n\n\n<p style=\"font-size:24px;font-style:normal;font-weight:500\">\ud83d\udcc5 Data:<br><br>25 April 2026<br>30 May 2026 \u2013 <a href=\"https:\/\/worldlindyhopday.wordpress.com\/\" target=\"_blank\" rel=\"noreferrer noopener\">World Lindy Hop Day<\/a><br>27 June 2026 - Going to Herr\u00e4ng Party!<\/p>\n\n\n\n<p>Further dates will be published soon.<\/p>\n\n\n\n<p style=\"font-size:24px;font-style:normal;font-weight:500\"><a href=\"https:\/\/emojipedia.org\/student\" target=\"_blank\" rel=\"noopener\">\ud83e\uddd1\u200d\ud83c\udf93<\/a> Crash course: 20:00<br>\ud83d\udc83 Party: 21:00 hrs<br>\ud83d\udccd Location: <a href=\"https:\/\/maps.app.goo.gl\/tPcuZKM2n9h8ggGa8\" target=\"_blank\" rel=\"noopener\">Swing Productions<\/a>, R\u00f6schibachstrasse 22, 8037 Zurich<br>\ud83c\udfab Tickets: <a href=\"https:\/\/office.swing.ch\/de?eventTypes=party\">office.swing.ch<\/a> or at the box office CHF 15.- \/ 10 CHF with Legi<\/p>\n<\/div>\n\n\n\n<div class=\"wp-block-buttons is-layout-flex wp-block-buttons-is-layout-flex\">\n<div class=\"wp-block-button sp-btn\"><a class=\"wp-block-button__link wp-element-button\" href=\"https:\/\/office.swing.ch\/de?eventTypes=party\">Buy ticket<\/a><\/div>\n<\/div>\n\n\n\n<p><\/p>","protected":false},"excerpt":{"rendered":"<p>Wir feiern. SwingFLOOR Lindy Hop Social! Resident-DJs, Lindy Hop Crash Kurs, k\u00fchles Klima, heisser Sound! Unsere Partys sind legend\u00e4r, denn seit 1997 wird aufgelegt bis die allerletzten T\u00e4nzer:innen nicht mehr k\u00f6nnen. Ein eklatanter Mix aus Swing Hits der letzten 100 Jahre, aber auch spannenden Neuinterpretationen von Klassikern, eine Prise Blues, Boogie, Rock&#8217;n&#8217;Roll und Filmmusik geh\u00f6ren [&hellip;]<\/p>\n","protected":false},"author":4,"featured_media":1024,"parent":0,"menu_order":0,"comment_status":"closed","ping_status":"closed","template":"","meta":{"_acf_changed":false,"footnotes":""},"class_list":["post-33","page","type-page","status-publish","has-post-thumbnail","hentry"],"acf":[],"_links":{"self":[{"href":"https:\/\/swing.ch\/en\/wp-json\/wp\/v2\/pages\/33","targetHints":{"allow":["GET"]}}],"collection":[{"href":"https:\/\/swing.ch\/en\/wp-json\/wp\/v2\/pages"}],"about":[{"href":"https:\/\/swing.ch\/en\/wp-json\/wp\/v2\/types\/page"}],"author":[{"embeddable":true,"href":"https:\/\/swing.ch\/en\/wp-json\/wp\/v2\/users\/4"}],"replies":[{"embeddable":true,"href":"https:\/\/swing.ch\/en\/wp-json\/wp\/v2\/comments?post=33"}],"version-history":[{"count":37,"href":"https:\/\/swing.ch\/en\/wp-json\/wp\/v2\/pages\/33\/revisions"}],"predecessor-version":[{"id":1948,"href":"https:\/\/swing.ch\/en\/wp-json\/wp\/v2\/pages\/33\/revisions\/1948"}],"wp:featuredmedia":[{"embeddable":true,"href":"https:\/\/swing.ch\/en\/wp-json\/wp\/v2\/media\/1024"}],"wp:attachment":[{"href":"https:\/\/swing.ch\/en\/wp-json\/wp\/v2\/media?parent=33"}],"curies":[{"name":"wp","href":"https:\/\/api.w.org\/{rel}","templated":true}]}}